{"id":26,"date":"2016-05-10T22:15:47","date_gmt":"2016-05-10T20:15:47","guid":{"rendered":"https:\/\/1h9hxamstz.preview.infomaniak.website\/?page_id=26"},"modified":"2016-05-10T22:37:46","modified_gmt":"2016-05-10T20:37:46","slug":"son-oeuvre","status":"publish","type":"page","link":"https:\/\/julienrenevier.ch\/?page_id=26","title":{"rendered":"Son \u0153uvre"},"content":{"rendered":"<p class=\"western\" lang=\"fr-CH\" align=\"left\"><a href=\"https:\/\/1h9hxamstz.preview.infomaniak.website\/?page_id=28\"><span style=\"font-family: Arial,sans-serif;\"><b>Naissance et reconnaissance d&rsquo;un talent<\/b><\/span><\/a><\/p>\n<p class=\"western\" lang=\"fr-CH\" align=\"left\"><a href=\"https:\/\/1h9hxamstz.preview.infomaniak.website\/?page_id=30\"><span style=\"font-family: Arial,sans-serif;\"><b>Sur les routes d&rsquo;Italie<\/b><\/span><\/a><\/p>\n<p class=\"western\" lang=\"fr-CH\" align=\"left\"><a href=\"https:\/\/1h9hxamstz.preview.infomaniak.website\/?page_id=32\"><span style=\"font-family: Arial,sans-serif;\"><b>La Suisse, entre r\u00eaverie et r\u00e9alit\u00e9<\/b><\/span><\/a><\/p>\n<p class=\"western\" lang=\"fr-CH\" align=\"left\"><a href=\"https:\/\/1h9hxamstz.preview.infomaniak.website\/?page_id=34\"><span style=\"font-family: Arial,sans-serif;\"><b>Portraits illustres, portraits du quotidien<\/b><\/span><\/a><\/p>\n<p class=\"western\" lang=\"fr-CH\" align=\"left\"><a href=\"https:\/\/1h9hxamstz.preview.infomaniak.website\/?page_id=36\"><span style=\"font-family: Arial,sans-serif;\"><b>Variations \u00e0 l&rsquo;aquarelle\u00a0: l&rsquo;int\u00e9grit\u00e9 d&rsquo;un regard<\/b><\/span><\/a><\/p>\n","protected":false},"excerpt":{"rendered":"<p>Naissance et reconnaissance d&rsquo;un talent Sur les routes d&rsquo;Italie La Suisse, entre r\u00eaverie et r\u00e9alit\u00e9 Portraits illustres, portraits du quotidien Variations \u00e0 l&rsquo;aquarelle\u00a0: l&rsquo;int\u00e9grit\u00e9 d&rsquo;un regard<\/p>\n","protected":false},"author":1,"featured_media":0,"parent":0,"menu_order":0,"comment_status":"closed","ping_status":"closed","template":"right-column-page.php","meta":{"footnotes":""},"class_list":["post-26","page","type-page","status-publish","hentry"],"_links":{"self":[{"href":"https:\/\/julienrenevier.ch\/index.php?rest_route=\/wp\/v2\/pages\/26","targetHints":{"allow":["GET"]}}],"collection":[{"href":"https:\/\/julienrenevier.ch\/index.php?rest_route=\/wp\/v2\/pages"}],"about":[{"href":"https:\/\/julienrenevier.ch\/index.php?rest_route=\/wp\/v2\/types\/page"}],"author":[{"embeddable":true,"href":"https:\/\/julienrenevier.ch\/index.php?rest_route=\/wp\/v2\/users\/1"}],"replies":[{"embeddable":true,"href":"https:\/\/julienrenevier.ch\/index.php?rest_route=%2Fwp%2Fv2%2Fcomments&post=26"}],"version-history":[{"count":2,"href":"https:\/\/julienrenevier.ch\/index.php?rest_route=\/wp\/v2\/pages\/26\/revisions"}],"predecessor-version":[{"id":71,"href":"https:\/\/julienrenevier.ch\/index.php?rest_route=\/wp\/v2\/pages\/26\/revisions\/71"}],"wp:attachment":[{"href":"https:\/\/julienrenevier.ch\/index.php?rest_route=%2Fwp%2Fv2%2Fmedia&parent=26"}],"curies":[{"name":"wp","href":"https:\/\/api.w.org\/{rel}","templated":true}]}}