{"id":28,"date":"2016-05-10T22:17:07","date_gmt":"2016-05-10T20:17:07","guid":{"rendered":"https:\/\/1h9hxamstz.preview.infomaniak.website\/?page_id=28"},"modified":"2018-03-19T14:10:53","modified_gmt":"2018-03-19T13:10:53","slug":"naissance-et-reconnaissance-dun-talent","status":"publish","type":"page","link":"https:\/\/julienrenevier.ch\/?page_id=28","title":{"rendered":"Naissance et reconnaissance d&rsquo;un talent"},"content":{"rendered":"<p class=\"western\" lang=\"fr-CH\" align=\"justify\"><img loading=\"lazy\" decoding=\"async\" class=\"alignnone size-medium wp-image-132\" src=\"https:\/\/1h9hxamstz.preview.infomaniak.website\/wp-content\/uploads\/2016\/05\/IMG_10_WEB-213x300.jpg\" alt=\"IMG_10_WEB\" width=\"213\" height=\"300\" srcset=\"https:\/\/julienrenevier.ch\/wp-content\/uploads\/2016\/05\/IMG_10_WEB-213x300.jpg 213w, https:\/\/julienrenevier.ch\/wp-content\/uploads\/2016\/05\/IMG_10_WEB-768x1083.jpg 768w, https:\/\/julienrenevier.ch\/wp-content\/uploads\/2016\/05\/IMG_10_WEB-726x1024.jpg 726w, https:\/\/julienrenevier.ch\/wp-content\/uploads\/2016\/05\/IMG_10_WEB.jpg 962w\" sizes=\"auto, (max-width: 213px) 100vw, 213px\" \/><span style=\"font-size: 10pt;\"><em><br \/>\nDante au couvent composant la Divine Com\u00e9die<\/em>, 1875. Huile sur toile, 159 x 116 cm, Kunstmuseum St Gallen. Donation Theodor Beck, 1877. No inv. G 1877.8. Photo Sebastian Stadler.<br \/>\n<\/span><\/p>\n<p class=\"western\" lang=\"fr-CH\" align=\"justify\"><span style=\"font-family: Arial,sans-serif;\">Depuis l&rsquo;aube de sa carri\u00e8re jusqu&rsquo;\u00e0 sa mort en 1907, Julien Renevier r\u00e9colte les \u00e9loges r\u00e9guliers de la critique et la reconnaissance de ses pairs. En 1877 \u2013 il a alors 30 ans et \u00e9tudie \u00e0 Munich \u2013 deux de ses tableaux entrent dans les collections du Kunstmuseum de Saint-Gall. Parmi eux, le tr\u00e8s int\u00e9ressant \u00ab\u00a0Dante au couvent composant la Divine com\u00e9die\u00a0\u00bb.<\/span><\/p>\n<p class=\"western\" lang=\"fr-CH\" align=\"justify\"><span style=\"font-family: Arial,sans-serif;\">Cette grande composition \u00e0 l&rsquo;huile repr\u00e9sente l&rsquo;\u00e9crivain florentin en pleine r\u00e9daction de son chef-d\u2019\u0153uvre. Dante est assis, hi\u00e9ratique, la plume suspendue, sur une chaire de bois massive avec, \u00e0 ses pieds, des parchemins, codex et manuscrits \u00e9parpill\u00e9s. Sur la droite, deux moines s&rsquo;activent dans l&rsquo;ombre. Agenouill\u00e9s, ils rangent un parchemin dans un petit coffre plac\u00e9 en hauteur et dont les battants sont orn\u00e9s de repr\u00e9sentations d&rsquo;ic\u00f4nes. <\/span><\/p>\n<p class=\"western\" lang=\"fr-CH\" align=\"justify\"><span style=\"font-family: Arial,sans-serif;\">Le choix de la composition, \u00e0 la fois frontale, simple et pr\u00e9gnante, de m\u00eame que le r\u00e9alisme admirable des mati\u00e8res \u2013 tissus, parchemins ou bois sculpt\u00e9 \u2013 d\u00e9notent de l&rsquo;excellente formation du peintre et de son talent prometteur.<\/span><\/p>\n<p class=\"western\" lang=\"fr-CH\" align=\"justify\"><span style=\"font-size: 10pt;\"><em><img loading=\"lazy\" decoding=\"async\" class=\"alignnone size-medium wp-image-242\" src=\"https:\/\/1h9hxamstz.preview.infomaniak.website\/wp-content\/uploads\/2016\/05\/IMG_11_WEB-1-203x300.jpg\" alt=\"\" width=\"203\" height=\"300\" srcset=\"https:\/\/julienrenevier.ch\/wp-content\/uploads\/2016\/05\/IMG_11_WEB-1-203x300.jpg 203w, https:\/\/julienrenevier.ch\/wp-content\/uploads\/2016\/05\/IMG_11_WEB-1.jpg 637w\" sizes=\"auto, (max-width: 203px) 100vw, 203px\" \/><br \/>\nSaint-Fran\u00e7ois d\u2019Assise parlant aux oiseaux<\/em>, s.d., dessin \u00e0 la mine de plomb, 15 x 10,5 cm, p.p.<\/span><\/p>\n<p class=\"western\" lang=\"fr-CH\" align=\"justify\"><span style=\"font-family: Arial,sans-serif;\">Les ann\u00e9es passent et confirment les pr\u00e9dispositions de Renevier qui voit ses \u0153uvres r\u00e9guli\u00e8rement expos\u00e9es ou acquises par des mus\u00e9es. En 1883, un grand tableau repr\u00e9sentant Saint-Fran\u00e7ois d&rsquo;Assise est expos\u00e9 au Salon de Paris. Malgr\u00e9 cette belle reconnaissance, Renevier n&rsquo;est pas pleinement satisfait du r\u00e9sultat et retravaillera longuement cette \u0153uvre. Il repeindra ainsi la toile originale, modifiant notamment la posture du saint. Sa pers\u00e9v\u00e9rance se r\u00e9v\u00e8le payante et \u00ab\u00a0Saint Fran\u00e7ois d\u2019Assise pr\u00eachant aux oiseaux\u00a0\u00bb re\u00e7oit une m\u00e9daille honorable \u00e0 l&rsquo;Exposition universelle de Paris en 1889.<br \/>\n<\/span><\/p>\n<p class=\"western\" lang=\"fr-CH\" align=\"justify\"><span style=\"font-family: Arial,sans-serif;\">La figure de Saint Fran\u00e7ois d&rsquo;Assise, extr\u00eamement ch\u00e8re \u00e0 l&rsquo;artiste, est ici trait\u00e9e avec un savant m\u00e9lange de respect des traditions et d&rsquo;inventivit\u00e9. Le saint \u2013 initialement pr\u00e9sent\u00e9 debout \u2013 est assis sur un tertre. Son regard, bleu et doux, est dirig\u00e9 vers les oiseaux perch\u00e9s sur des branches. D&rsquo;une main, le saint tient un petit crucifix alors que de l&rsquo;autre il b\u00e9nit la nu\u00e9e d&rsquo;oiseaux venus l&rsquo;\u00e9couter. La nature environnante est en \u00e9closion et les plantes, les feuilles et les arbres prennent vie dans leur repr\u00e9sentation minutieuse et pleine de verve.<\/span><\/p>\n<p class=\"western\" lang=\"fr-CH\" align=\"justify\"><img loading=\"lazy\" decoding=\"async\" class=\"alignnone size-medium wp-image-243\" src=\"https:\/\/1h9hxamstz.preview.infomaniak.website\/wp-content\/uploads\/2016\/05\/IMG_12bis_web-196x300.jpg\" alt=\"\" width=\"196\" height=\"300\" srcset=\"https:\/\/julienrenevier.ch\/wp-content\/uploads\/2016\/05\/IMG_12bis_web-196x300.jpg 196w, https:\/\/julienrenevier.ch\/wp-content\/uploads\/2016\/05\/IMG_12bis_web.jpg 448w\" sizes=\"auto, (max-width: 196px) 100vw, 196px\" \/><br \/>\n<span style=\"font-size: 10pt;\"><em>Saint-Fran\u00e7ois d\u2019Assise pr\u00eachant aux oiseaux<\/em>, 1886. Huile sur toile, 263 x 172 cm, Mus\u00e9e cantonal des Beaux-Arts de Lausanne. D\u00e9p\u00f4t de la Soci\u00e9t\u00e9 vaudoise des beaux-arts, 1892. Inv. 1208. Photo Mus\u00e9e cantonal des Beaux-Arts\u00a0 Jean-Claude Ducret.<\/span><\/p>\n<p lang=\"fr-CH\" align=\"justify\"><img loading=\"lazy\" decoding=\"async\" class=\"alignnone size-medium wp-image-272\" src=\"https:\/\/1h9hxamstz.preview.infomaniak.website\/wp-content\/uploads\/2016\/05\/Me-voici-huile-sur-toile-122-80.-p.p.-197x300.jpg\" alt=\"\" width=\"197\" height=\"300\" srcset=\"https:\/\/julienrenevier.ch\/wp-content\/uploads\/2016\/05\/Me-voici-huile-sur-toile-122-80.-p.p.-197x300.jpg 197w, https:\/\/julienrenevier.ch\/wp-content\/uploads\/2016\/05\/Me-voici-huile-sur-toile-122-80.-p.p..jpg 571w\" sizes=\"auto, (max-width: 197px) 100vw, 197px\" \/><br \/>\n<span style=\"font-size: 10pt;\"><em>Me voici,<\/em> huile sur toile, 122 x 80 cm, p.p.<\/span><\/p>\n<p lang=\"fr-CH\" align=\"justify\"><img loading=\"lazy\" decoding=\"async\" class=\"alignnone size-medium wp-image-273\" src=\"https:\/\/1h9hxamstz.preview.infomaniak.website\/wp-content\/uploads\/2016\/05\/Jeune-femme-assoupie-avec-chien-huile-sur-toile-35-535-p.p.-193x300.jpg\" alt=\"\" width=\"193\" height=\"300\" srcset=\"https:\/\/julienrenevier.ch\/wp-content\/uploads\/2016\/05\/Jeune-femme-assoupie-avec-chien-huile-sur-toile-35-535-p.p.-193x300.jpg 193w, https:\/\/julienrenevier.ch\/wp-content\/uploads\/2016\/05\/Jeune-femme-assoupie-avec-chien-huile-sur-toile-35-535-p.p..jpg 481w\" sizes=\"auto, (max-width: 193px) 100vw, 193px\" \/><br \/>\n<span style=\"font-size: 10pt;\"><em>Jeune femme assoupie avec chien,<\/em> huile sur toile, 35 x 53,5 cm, p.p.<\/span><\/p>\n<p lang=\"fr-CH\" align=\"justify\"><img loading=\"lazy\" decoding=\"async\" class=\"alignnone size-medium wp-image-274\" src=\"https:\/\/1h9hxamstz.preview.infomaniak.website\/wp-content\/uploads\/2016\/05\/Jardin-des-Tuileries-Paris-aquarelle-28-48-p.p.-300x179.jpg\" alt=\"\" width=\"300\" height=\"179\" srcset=\"https:\/\/julienrenevier.ch\/wp-content\/uploads\/2016\/05\/Jardin-des-Tuileries-Paris-aquarelle-28-48-p.p.-300x179.jpg 300w, https:\/\/julienrenevier.ch\/wp-content\/uploads\/2016\/05\/Jardin-des-Tuileries-Paris-aquarelle-28-48-p.p.-768x458.jpg 768w, https:\/\/julienrenevier.ch\/wp-content\/uploads\/2016\/05\/Jardin-des-Tuileries-Paris-aquarelle-28-48-p.p.-1024x611.jpg 1024w, https:\/\/julienrenevier.ch\/wp-content\/uploads\/2016\/05\/Jardin-des-Tuileries-Paris-aquarelle-28-48-p.p..jpg 1073w\" sizes=\"auto, (max-width: 300px) 100vw, 300px\" \/><br \/>\n<span style=\"font-size: 10pt;\"><em>Jardin des Tuileries,<\/em> Paris, aquarelle, 28 x 48 cm, p.p.<\/span><\/p>\n","protected":false},"excerpt":{"rendered":"<p>Dante au couvent composant la Divine Com\u00e9die, 1875. Huile sur toile, 159 x 116 cm, Kunstmuseum St Gallen. Donation Theodor Beck, 1877. No inv. G 1877.8. Photo Sebastian Stadler. Depuis l&rsquo;aube de sa carri\u00e8re jusqu&rsquo;\u00e0 sa mort en 1907, Julien Renevier r\u00e9colte les \u00e9loges r\u00e9guliers de la critique et la reconnaissance de ses pairs. En&hellip; <a class=\"more-link\" href=\"https:\/\/julienrenevier.ch\/?page_id=28\">Continue reading <span class=\"screen-reader-text\">Naissance et reconnaissance d&rsquo;un talent<\/span> <span class=\"meta-nav\" aria-hidden=\"true\">&rarr;<\/span><\/a><\/p>\n","protected":false},"author":1,"featured_media":0,"parent":26,"menu_order":0,"comment_status":"closed","ping_status":"closed","template":"right-column-page.php","meta":{"footnotes":""},"class_list":["post-28","page","type-page","status-publish","hentry"],"_links":{"self":[{"href":"https:\/\/julienrenevier.ch\/index.php?rest_route=\/wp\/v2\/pages\/28","targetHints":{"allow":["GET"]}}],"collection":[{"href":"https:\/\/julienrenevier.ch\/index.php?rest_route=\/wp\/v2\/pages"}],"about":[{"href":"https:\/\/julienrenevier.ch\/index.php?rest_route=\/wp\/v2\/types\/page"}],"author":[{"embeddable":true,"href":"https:\/\/julienrenevier.ch\/index.php?rest_route=\/wp\/v2\/users\/1"}],"replies":[{"embeddable":true,"href":"https:\/\/julienrenevier.ch\/index.php?rest_route=%2Fwp%2Fv2%2Fcomments&post=28"}],"version-history":[{"count":14,"href":"https:\/\/julienrenevier.ch\/index.php?rest_route=\/wp\/v2\/pages\/28\/revisions"}],"predecessor-version":[{"id":283,"href":"https:\/\/julienrenevier.ch\/index.php?rest_route=\/wp\/v2\/pages\/28\/revisions\/283"}],"up":[{"embeddable":true,"href":"https:\/\/julienrenevier.ch\/index.php?rest_route=\/wp\/v2\/pages\/26"}],"wp:attachment":[{"href":"https:\/\/julienrenevier.ch\/index.php?rest_route=%2Fwp%2Fv2%2Fmedia&parent=28"}],"curies":[{"name":"wp","href":"https:\/\/api.w.org\/{rel}","templated":true}]}}