{"id":34,"date":"2016-05-10T22:23:55","date_gmt":"2016-05-10T20:23:55","guid":{"rendered":"https:\/\/1h9hxamstz.preview.infomaniak.website\/?page_id=34"},"modified":"2018-03-19T14:10:20","modified_gmt":"2018-03-19T13:10:20","slug":"portraits-illustres-portraits-du-quotidien","status":"publish","type":"page","link":"https:\/\/julienrenevier.ch\/?page_id=34","title":{"rendered":"Portraits illustres, portraits du quotidien"},"content":{"rendered":"<p class=\"western\" lang=\"fr-CH\" align=\"justify\"><span style=\"font-size: 10pt;\"><em><img loading=\"lazy\" decoding=\"async\" class=\"alignnone size-medium wp-image-257\" src=\"https:\/\/1h9hxamstz.preview.infomaniak.website\/wp-content\/uploads\/2016\/05\/IMG_24_WEB-1-242x300.jpg\" alt=\"\" width=\"242\" height=\"300\" srcset=\"https:\/\/julienrenevier.ch\/wp-content\/uploads\/2016\/05\/IMG_24_WEB-1-242x300.jpg 242w, https:\/\/julienrenevier.ch\/wp-content\/uploads\/2016\/05\/IMG_24_WEB-1.jpg 505w\" sizes=\"auto, (max-width: 242px) 100vw, 242px\" \/><br \/>\nPortrait de Charlotte Renevier-Secr\u00e9tan <\/em>(m\u00e8re du peintre), 1878, huile sur toile, 50 x 63 cm, p.p.<\/span><\/p>\n<p class=\"western\" lang=\"fr-CH\" align=\"justify\"><span style=\"font-family: Arial,sans-serif;\">Dessinateur et paysagiste reconnu, Julien Renevier est \u00e9galement un portraitiste \u00e9m\u00e9rite. Dans son atelier du Grand-Ch\u00eane, \u00e0 Lausanne, il re\u00e7oit d\u00e8s 1890 les commandes de personnalit\u00e9s importantes parmi lesquelles le d\u00e9put\u00e9 au Grand Conseil et fondateur du <\/span><span style=\"font-family: Arial,sans-serif;\"><i>Courrier suisse<\/i><\/span><span style=\"font-family: Arial,sans-serif;\"> Charles-Juste Bugnion, le m\u00e9decin Adolphe Combe, fondateur de la Maternit\u00e9 et de l&rsquo;H\u00f4pital de l&rsquo;enfance \u00e0 Lausanne ou encore le philosophe de renomm\u00e9e internationale Charles Secr\u00e9tan. Dans ses portraits de commandes, Renevier fait preuve d&rsquo;une grande ma\u00eetrise des codes classiques avec, parfois, une touche d&rsquo;originalit\u00e9. <\/span><\/p>\n<p class=\"western\" lang=\"fr-CH\" align=\"justify\"><span style=\"font-size: 10pt;\"><em><img loading=\"lazy\" decoding=\"async\" class=\"alignnone size-medium wp-image-256\" src=\"https:\/\/1h9hxamstz.preview.infomaniak.website\/wp-content\/uploads\/2016\/05\/IMG_23bis_WEB-226x300.jpg\" alt=\"\" width=\"226\" height=\"300\" srcset=\"https:\/\/julienrenevier.ch\/wp-content\/uploads\/2016\/05\/IMG_23bis_WEB-226x300.jpg 226w, https:\/\/julienrenevier.ch\/wp-content\/uploads\/2016\/05\/IMG_23bis_WEB-768x1018.jpg 768w, https:\/\/julienrenevier.ch\/wp-content\/uploads\/2016\/05\/IMG_23bis_WEB-772x1024.jpg 772w, https:\/\/julienrenevier.ch\/wp-content\/uploads\/2016\/05\/IMG_23bis_WEB.jpg 776w\" sizes=\"auto, (max-width: 226px) 100vw, 226px\" \/><br \/>\nPortrait du Dr. Adolphe Combe<\/em>, s.d., huile sur toile, 82,5 x 63 cm. Mus\u00e9e cantonal des Beaux-Arts de Lausanne. Legs du Dr. Combe, 1917. Inv. 1146. Photo Cl\u00e9mentine Bossard, Mus\u00e9e cantonal des Beaux-Arts, Lausanne.<\/span><\/p>\n<p class=\"western\" lang=\"fr-CH\" align=\"justify\"><span style=\"font-family: Arial,sans-serif;\">Dans son <\/span><span style=\"font-family: Arial,sans-serif;\"><i>Portrait du docteur Combe<\/i><\/span><span style=\"font-family: Arial,sans-serif;\">, il exp\u00e9rimente ainsi un cadrage singulier o\u00f9 le feuillage presque imperceptible d&rsquo;une plante verte surgit sur la gauche et se d\u00e9tache devant le mur d&rsquo;une int\u00e9ressante teinte vert olive. Cette tonalit\u00e9, dominante dans le tableau, est contrast\u00e9e par le rouge profond du rideau de velours et celui l\u00e9g\u00e8rement plus sombre du coussin sur lequel le m\u00e9decin est assis.<\/span><\/p>\n<p class=\"western\" lang=\"fr-CH\" align=\"justify\"><span style=\"font-size: 10pt;\"><em><img loading=\"lazy\" decoding=\"async\" class=\"alignnone size-medium wp-image-258\" src=\"https:\/\/1h9hxamstz.preview.infomaniak.website\/wp-content\/uploads\/2016\/05\/IMG_25_WEB-1-196x300.jpg\" alt=\"\" width=\"196\" height=\"300\" srcset=\"https:\/\/julienrenevier.ch\/wp-content\/uploads\/2016\/05\/IMG_25_WEB-1-196x300.jpg 196w, https:\/\/julienrenevier.ch\/wp-content\/uploads\/2016\/05\/IMG_25_WEB-1.jpg 392w\" sizes=\"auto, (max-width: 196px) 100vw, 196px\" \/><br \/>\nJeune tresseuse de paille<\/em>, s.d., huile sur carton, 53 x 36 cm, p.p.<\/span><\/p>\n<p lang=\"fr-CH\" align=\"justify\"><img loading=\"lazy\" decoding=\"async\" class=\"alignnone size-medium wp-image-281\" src=\"https:\/\/1h9hxamstz.preview.infomaniak.website\/wp-content\/uploads\/2016\/05\/Tresseuse-de-paille-huile-sur-carton-45-25-p.p.-156x300.jpg\" alt=\"\" width=\"156\" height=\"300\" srcset=\"https:\/\/julienrenevier.ch\/wp-content\/uploads\/2016\/05\/Tresseuse-de-paille-huile-sur-carton-45-25-p.p.-156x300.jpg 156w, https:\/\/julienrenevier.ch\/wp-content\/uploads\/2016\/05\/Tresseuse-de-paille-huile-sur-carton-45-25-p.p..jpg 329w\" sizes=\"auto, (max-width: 156px) 100vw, 156px\" \/><br \/>\n<span style=\"font-size: 10pt;\"><em>Tresseuse de paille<\/em>, huile sur carton, 45 x 25 cm, p.p.<\/span><\/p>\n<p class=\"western\" lang=\"fr-CH\" align=\"justify\"><span style=\"font-family: Arial,sans-serif;\">Au-del\u00e0 des commandes, Renevier ex\u00e9cute des dizaines de portraits de membres de sa famille, d&rsquo;enfants, d&rsquo;hommes et de femmes de condition modeste. C&rsquo;est le cas de la <\/span><span style=\"font-family: Arial,sans-serif;\"><i>Tresseuse de paille<\/i><\/span><span style=\"font-family: Arial,sans-serif;\">, \u00e9tude d&rsquo;une paysanne \u00e0 l&rsquo;ouvrage. Repr\u00e9sent\u00e9e de profil, la jeune femme se tient droite, concentr\u00e9e sur les brins de paille qu&rsquo;elle est entrain de tresser. Les tons ternes, bruns, ocre et violets accentuent le caract\u00e8re agreste de la composition. Ils sont cependant adoucis par le rose saumon\u00e9 qui pigmente le foulard de la jeune paysanne, son visage ang\u00e9lique et ses mains.<\/span><\/p>\n<p class=\"western\" lang=\"fr-CH\" align=\"justify\"><span style=\"font-size: 10pt;\"><em><img loading=\"lazy\" decoding=\"async\" class=\"alignnone size-medium wp-image-259\" src=\"https:\/\/1h9hxamstz.preview.infomaniak.website\/wp-content\/uploads\/2016\/05\/IMG_26_WEB-1-230x300.jpg\" alt=\"\" width=\"230\" height=\"300\" srcset=\"https:\/\/julienrenevier.ch\/wp-content\/uploads\/2016\/05\/IMG_26_WEB-1-230x300.jpg 230w, https:\/\/julienrenevier.ch\/wp-content\/uploads\/2016\/05\/IMG_26_WEB-1.jpg 345w\" sizes=\"auto, (max-width: 230px) 100vw, 230px\" \/><br \/>\nPortrait d\u2019enfant<\/em>, 1892, pastel et crayon sur papier, 38 x 32 cm, p.p.<\/span><\/p>\n<p class=\"western\" lang=\"fr-CH\" align=\"justify\"><span style=\"font-family: Arial,sans-serif;\">Souvent ex\u00e9cut\u00e9s au pastel ou \u00e0 l&rsquo;aquarelle, ces portraits du quotidien t\u00e9moignent de la virtuosit\u00e9 et de la sensibilit\u00e9 du peintre. Celui-ci capte l&rsquo;essentiel de ces sc\u00e8nes simples, aur\u00e9ol\u00e9es de douceur, qui ne sont pas sans rappeler celles de son compatriote Albert Anker.<\/span><\/p>\n","protected":false},"excerpt":{"rendered":"<p>Portrait de Charlotte Renevier-Secr\u00e9tan (m\u00e8re du peintre), 1878, huile sur toile, 50 x 63 cm, p.p. Dessinateur et paysagiste reconnu, Julien Renevier est \u00e9galement un portraitiste \u00e9m\u00e9rite. Dans son atelier du Grand-Ch\u00eane, \u00e0 Lausanne, il re\u00e7oit d\u00e8s 1890 les commandes de personnalit\u00e9s importantes parmi lesquelles le d\u00e9put\u00e9 au Grand Conseil et fondateur du Courrier suisse&hellip; <a class=\"more-link\" href=\"https:\/\/julienrenevier.ch\/?page_id=34\">Continue reading <span class=\"screen-reader-text\">Portraits illustres, portraits du quotidien<\/span> <span class=\"meta-nav\" aria-hidden=\"true\">&rarr;<\/span><\/a><\/p>\n","protected":false},"author":1,"featured_media":0,"parent":26,"menu_order":0,"comment_status":"closed","ping_status":"closed","template":"right-column-page.php","meta":{"footnotes":""},"class_list":["post-34","page","type-page","status-publish","hentry"],"_links":{"self":[{"href":"https:\/\/julienrenevier.ch\/index.php?rest_route=\/wp\/v2\/pages\/34","targetHints":{"allow":["GET"]}}],"collection":[{"href":"https:\/\/julienrenevier.ch\/index.php?rest_route=\/wp\/v2\/pages"}],"about":[{"href":"https:\/\/julienrenevier.ch\/index.php?rest_route=\/wp\/v2\/types\/page"}],"author":[{"embeddable":true,"href":"https:\/\/julienrenevier.ch\/index.php?rest_route=\/wp\/v2\/users\/1"}],"replies":[{"embeddable":true,"href":"https:\/\/julienrenevier.ch\/index.php?rest_route=%2Fwp%2Fv2%2Fcomments&post=34"}],"version-history":[{"count":13,"href":"https:\/\/julienrenevier.ch\/index.php?rest_route=\/wp\/v2\/pages\/34\/revisions"}],"predecessor-version":[{"id":282,"href":"https:\/\/julienrenevier.ch\/index.php?rest_route=\/wp\/v2\/pages\/34\/revisions\/282"}],"up":[{"embeddable":true,"href":"https:\/\/julienrenevier.ch\/index.php?rest_route=\/wp\/v2\/pages\/26"}],"wp:attachment":[{"href":"https:\/\/julienrenevier.ch\/index.php?rest_route=%2Fwp%2Fv2%2Fmedia&parent=34"}],"curies":[{"name":"wp","href":"https:\/\/api.w.org\/{rel}","templated":true}]}}