{"id":38,"date":"2016-05-10T22:25:17","date_gmt":"2016-05-10T20:25:17","guid":{"rendered":"https:\/\/1h9hxamstz.preview.infomaniak.website\/?page_id=38"},"modified":"2016-09-14T07:11:00","modified_gmt":"2016-09-14T05:11:00","slug":"les-amis-du-peintre-julien-renevier","status":"publish","type":"page","link":"https:\/\/julienrenevier.ch\/?page_id=38","title":{"rendered":"Les amis du peintre Julien Renevier"},"content":{"rendered":"<p class=\"western\" lang=\"fr-CH\" align=\"justify\"><span style=\"font-family: Arial,sans-serif;\">L\u2019Association \u00ab\u00a0Les Amis du peintre Julien Renevier\u00a0\u00bb a \u00e9t\u00e9 fond\u00e9e en 2012. Elle a pour but de sauvegarder, de mettre en valeur et de faire conna\u00eetre l\u2019\u0153uvre du peintre vaudois Julien Renevier (1847-1907). <\/span><\/p>\n<p class=\"western\" lang=\"fr-CH\" align=\"justify\"><span style=\"font-family: Arial,sans-serif;\">Les membres de l&rsquo;Association ont r\u00e9uni plus de 150 tableaux et plus de 20 carnets de voyage depuis 2012. Ils ont en outre r\u00e9pertori\u00e9 les \u0153uvres de Renevier expos\u00e9es dans divers mus\u00e9es de Suisse.<\/span><\/p>\n<p class=\"western\" lang=\"fr-CH\" align=\"justify\"><span style=\"font-family: Arial,sans-serif;\">Au vu de la richesse des documents trouv\u00e9s, les membres de l\u2019Association ont le projet de r\u00e9aliser l&rsquo;inventaire des \u0153uvres de Renevier. Un livre intitul\u00e9 \u00abL\u2019int\u00e9grit\u00e9 d\u2019un regard\u00bb, a \u00e9t\u00e9 publi\u00e9 en janvier 2015. Il se pr\u00e9sente comme une introduction \u00e0 l\u2019\u0153uvre de Renevier. <\/span><\/p>\n<p class=\"western\" lang=\"fr-CH\" align=\"justify\"><span style=\"font-family: Arial,sans-serif;\">Toute personne int\u00e9ress\u00e9e peut demander son adh\u00e9sion \u00e0 l\u2019Association. Pour l&rsquo;heure, les membres sont pour la plupart des descendant.e.s de la famille, soit d\u2019Alfred Renevier, soit d\u2019Emma Mercier-Renevier, le fr\u00e8re et la s\u0153ur du peintre.<\/span><\/p>\n<hr \/>\n<p class=\"western\" lang=\"fr-CH\" align=\"justify\"><span style=\"font-family: Arial,sans-serif;\">L\u2019Association a collabor\u00e9 avec Julie Guinand pour les textes et Bastien von Wyss pour l\u2019\u00e9laboration du site et les remercie beaucoup pour leur investissement.<\/span><\/p>\n<hr \/>\n<p class=\"western\" lang=\"fr-CH\" align=\"justify\"><span style=\"text-decoration: underline;\"><a href=\"http:\/\/www.museejenisch.ch\" target=\"_blank\"><span style=\"font-family: Arial,sans-serif;\">www.museejenisch.ch<\/span><\/a><\/span><\/p>\n<p class=\"western\" lang=\"fr-CH\" align=\"justify\"><span style=\"text-decoration: underline;\"><a href=\"http:\/\/www.mcba.ch\" target=\"_blank\"><span style=\"font-family: Arial,sans-serif;\">www.mcba.ch<\/span><\/a><\/span><\/p>\n<p class=\"western\" lang=\"fr-CH\" align=\"justify\"><span style=\"text-decoration: underline;\"><a href=\"http:\/\/www.kunstmuseumsg.ch\" target=\"_blank\"><span style=\"font-family: Arial,sans-serif;\">www.kunstmuseumsg.ch<\/span><\/a><\/span><\/p>\n","protected":false},"excerpt":{"rendered":"<p>L\u2019Association \u00ab\u00a0Les Amis du peintre Julien Renevier\u00a0\u00bb a \u00e9t\u00e9 fond\u00e9e en 2012. Elle a pour but de sauvegarder, de mettre en valeur et de faire conna\u00eetre l\u2019\u0153uvre du peintre vaudois Julien Renevier (1847-1907). Les membres de l&rsquo;Association ont r\u00e9uni plus de 150 tableaux et plus de 20 carnets de voyage depuis 2012. Ils ont en&hellip; <a class=\"more-link\" href=\"https:\/\/julienrenevier.ch\/?page_id=38\">Continue reading <span class=\"screen-reader-text\">Les amis du peintre Julien Renevier<\/span> <span class=\"meta-nav\" aria-hidden=\"true\">&rarr;<\/span><\/a><\/p>\n","protected":false},"author":1,"featured_media":0,"parent":0,"menu_order":0,"comment_status":"closed","ping_status":"closed","template":"right-column-page.php","meta":{"footnotes":""},"class_list":["post-38","page","type-page","status-publish","hentry"],"_links":{"self":[{"href":"https:\/\/julienrenevier.ch\/index.php?rest_route=\/wp\/v2\/pages\/38","targetHints":{"allow":["GET"]}}],"collection":[{"href":"https:\/\/julienrenevier.ch\/index.php?rest_route=\/wp\/v2\/pages"}],"about":[{"href":"https:\/\/julienrenevier.ch\/index.php?rest_route=\/wp\/v2\/types\/page"}],"author":[{"embeddable":true,"href":"https:\/\/julienrenevier.ch\/index.php?rest_route=\/wp\/v2\/users\/1"}],"replies":[{"embeddable":true,"href":"https:\/\/julienrenevier.ch\/index.php?rest_route=%2Fwp%2Fv2%2Fcomments&post=38"}],"version-history":[{"count":8,"href":"https:\/\/julienrenevier.ch\/index.php?rest_route=\/wp\/v2\/pages\/38\/revisions"}],"predecessor-version":[{"id":215,"href":"https:\/\/julienrenevier.ch\/index.php?rest_route=\/wp\/v2\/pages\/38\/revisions\/215"}],"wp:attachment":[{"href":"https:\/\/julienrenevier.ch\/index.php?rest_route=%2Fwp%2Fv2%2Fmedia&parent=38"}],"curies":[{"name":"wp","href":"https:\/\/api.w.org\/{rel}","templated":true}]}}