{"id":42,"date":"2016-05-10T22:27:05","date_gmt":"2016-05-10T20:27:05","guid":{"rendered":"https:\/\/1h9hxamstz.preview.infomaniak.website\/?page_id=42"},"modified":"2025-11-03T13:38:08","modified_gmt":"2025-11-03T12:38:08","slug":"contacts","status":"publish","type":"page","link":"https:\/\/julienrenevier.ch\/?page_id=42","title":{"rendered":"Contacts"},"content":{"rendered":"<p class=\"western\" lang=\"fr-CH\" align=\"justify\"><span style=\"font-family: Arial,sans-serif;\"><i>Association des Amis de Julien Renevier, Case postale 12, 1882 Gryon<\/i><\/span><\/p>\n<p class=\"western\" lang=\"fr-CH\" align=\"justify\"><strong><a href=\"mailto:info@julienrenevier.ch\"><span style=\"font-family: Arial,sans-serif;\">info@julienrenevier.ch<\/span><\/a><\/strong><\/p>\n<p class=\"western\" lang=\"fr-CH\" align=\"justify\"><span style=\"font-family: Arial,sans-serif;\">Les personnes poss\u00e9dant un ou plusieurs tableaux de Julien Renevier peuvent contacter l\u2019Association afin de l&rsquo;aider \u00e0 compl\u00e9ter la base de donn\u00e9es des \u0153uvres de Renevier. Nous les remercions d\u2019avance.<\/span><\/p>\n<p class=\"western\" lang=\"fr-CH\" style=\"text-align: center;\" align=\"justify\"><span style=\"font-family: Arial,sans-serif;\">site r\u00e9alis\u00e9 avec le soutien de la<img loading=\"lazy\" decoding=\"async\" class=\"alignnone wp-image-119 aligncenter\" src=\"https:\/\/1h9hxamstz.preview.infomaniak.website\/wp-content\/uploads\/2016\/05\/22_loro-beneficiaire15_rvb-300x105.jpg\" alt=\"22_LoRo-Beneficiaire15-RVB\" width=\"149\" height=\"52\" srcset=\"https:\/\/julienrenevier.ch\/wp-content\/uploads\/2016\/05\/22_loro-beneficiaire15_rvb-300x105.jpg 300w, https:\/\/julienrenevier.ch\/wp-content\/uploads\/2016\/05\/22_loro-beneficiaire15_rvb-768x268.jpg 768w, https:\/\/julienrenevier.ch\/wp-content\/uploads\/2016\/05\/22_loro-beneficiaire15_rvb.jpg 780w\" sizes=\"auto, (max-width: 149px) 100vw, 149px\" \/><br \/>\n<\/span><\/p>\n","protected":false},"excerpt":{"rendered":"<p>Association des Amis de Julien Renevier, Case postale 12, 1882 Gryon info@julienrenevier.ch Les personnes poss\u00e9dant un ou plusieurs tableaux de Julien Renevier peuvent contacter l\u2019Association afin de l&rsquo;aider \u00e0 compl\u00e9ter la base de donn\u00e9es des \u0153uvres de Renevier. Nous les remercions d\u2019avance. site r\u00e9alis\u00e9 avec le soutien de la<\/p>\n","protected":false},"author":1,"featured_media":0,"parent":0,"menu_order":0,"comment_status":"closed","ping_status":"closed","template":"right-column-page.php","meta":{"footnotes":""},"class_list":["post-42","page","type-page","status-publish","hentry"],"_links":{"self":[{"href":"https:\/\/julienrenevier.ch\/index.php?rest_route=\/wp\/v2\/pages\/42","targetHints":{"allow":["GET"]}}],"collection":[{"href":"https:\/\/julienrenevier.ch\/index.php?rest_route=\/wp\/v2\/pages"}],"about":[{"href":"https:\/\/julienrenevier.ch\/index.php?rest_route=\/wp\/v2\/types\/page"}],"author":[{"embeddable":true,"href":"https:\/\/julienrenevier.ch\/index.php?rest_route=\/wp\/v2\/users\/1"}],"replies":[{"embeddable":true,"href":"https:\/\/julienrenevier.ch\/index.php?rest_route=%2Fwp%2Fv2%2Fcomments&post=42"}],"version-history":[{"count":7,"href":"https:\/\/julienrenevier.ch\/index.php?rest_route=\/wp\/v2\/pages\/42\/revisions"}],"predecessor-version":[{"id":593,"href":"https:\/\/julienrenevier.ch\/index.php?rest_route=\/wp\/v2\/pages\/42\/revisions\/593"}],"wp:attachment":[{"href":"https:\/\/julienrenevier.ch\/index.php?rest_route=%2Fwp%2Fv2%2Fmedia&parent=42"}],"curies":[{"name":"wp","href":"https:\/\/api.w.org\/{rel}","templated":true}]}}