{"id":6,"date":"2016-05-10T21:54:24","date_gmt":"2016-05-10T19:54:24","guid":{"rendered":"https:\/\/1h9hxamstz.preview.infomaniak.website\/?page_id=6"},"modified":"2025-10-26T16:03:38","modified_gmt":"2025-10-26T15:03:38","slug":"julien-renevier-1847-1907","status":"publish","type":"page","link":"https:\/\/julienrenevier.ch\/","title":{"rendered":"Julien Renevier (1847-1907)"},"content":{"rendered":"<figure id=\"attachment_232\" aria-describedby=\"caption-attachment-232\" style=\"width: 300px\" class=\"wp-caption alignleft\"><img loading=\"lazy\" decoding=\"async\" class=\"wp-image-232\" src=\"https:\/\/1h9hxamstz.preview.infomaniak.website\/wp-content\/uploads\/2016\/05\/IMG_1_WEB-1.jpg\" alt=\"\" width=\"300\" height=\"430\" srcset=\"https:\/\/julienrenevier.ch\/wp-content\/uploads\/2016\/05\/IMG_1_WEB-1.jpg 474w, https:\/\/julienrenevier.ch\/wp-content\/uploads\/2016\/05\/IMG_1_WEB-1-209x300.jpg 209w\" sizes=\"auto, (max-width: 300px) 100vw, 300px\" \/><figcaption id=\"caption-attachment-232\" class=\"wp-caption-text\">Autoportrait, s.d., huile sur toile, 60 x 44 cm, p.p.<\/figcaption><\/figure>\n<p style=\"text-align: justify;\"><span style=\"font-family: Arial,sans-serif;\"><span style=\"font-family: arial,helvetica,sans-serif;\"><strong>Julien Renevier<\/strong>, paysagiste, portraitiste et aquarelliste de talent, a travers\u00e9 son \u00e9poque palette \u00e0 la main. <\/span><\/span><span style=\"font-family: arial,helvetica,sans-serif;\">Peintre curieux, il a sillonn\u00e9 la Suisse, l&rsquo;Italie, la France et l&rsquo;Allemagne, croquant en chemin paysages et sc\u00e8nes de la vie quotidienne. Lou\u00e9 par le public comme par la critique, il a expos\u00e9 au c\u00f4t\u00e9 de peintres illustres lors des grandes manifestations de son temps. Les nombreuses \u0153uvres qu\u2019il laisse derri\u00e8re lui t\u00e9moignent, aujourd&rsquo;hui encore, de l&rsquo;acuit\u00e9 et de la sinc\u00e9rit\u00e9 de son regard.<br \/>\n<\/span><\/p>\n<hr \/>\n<p style=\"text-align: justify;\"><span style=\"font-family: Arial,sans-serif;\"><span style=\"font-family: arial,helvetica,sans-serif;\">Voir sous Les balades, la nouvelle <strong><a href=\"https:\/\/julienrenevier.ch\/?page_id=437\">Balade en r\u00e9gion de la Broye et Gruy\u00e8re<\/a>.<\/strong><br \/>\n<\/span><\/span><\/p>\n<hr \/>\n<p><span style=\"font-family: Arial,sans-serif;\"><i><img loading=\"lazy\" decoding=\"async\" class=\"wp-image-267 alignleft\" src=\"https:\/\/1h9hxamstz.preview.infomaniak.website\/wp-content\/uploads\/2016\/05\/IMG_30_WEB-1-300x221.jpg\" alt=\"\" width=\"176\" height=\"130\" srcset=\"https:\/\/julienrenevier.ch\/wp-content\/uploads\/2016\/05\/IMG_30_WEB-1-300x221.jpg 300w, https:\/\/julienrenevier.ch\/wp-content\/uploads\/2016\/05\/IMG_30_WEB-1-768x567.jpg 768w, https:\/\/julienrenevier.ch\/wp-content\/uploads\/2016\/05\/IMG_30_WEB-1.jpg 806w\" sizes=\"auto, (max-width: 176px) 100vw, 176px\" \/><\/i><\/span><br \/>\n<span style=\"font-family: Arial,sans-serif;\">Commandez le livre \u00ab\u00a0<i>L\u2019int\u00e9grit\u00e9 d\u2019un regard, Julien Renevier, peintre lausannois 1847-1907<\/i>\u00a0\u00bb sur <a href=\"https:\/\/1h9hxamstz.preview.infomaniak.website\/?page_id=40\">notre page \u00ab\u00a0Publications\u00a0\u00bb<\/a> !<\/span><\/p>\n<hr \/>\n<p class=\"western\" lang=\"fr-CH\" style=\"text-align: center;\" align=\"justify\"><span style=\"font-family: Arial,sans-serif;\">site r\u00e9alis\u00e9 avec le soutien de la<br \/>\n<img loading=\"lazy\" decoding=\"async\" class=\"alignnone wp-image-119 aligncenter\" src=\"https:\/\/1h9hxamstz.preview.infomaniak.website\/wp-content\/uploads\/2016\/05\/22_loro-beneficiaire15_rvb-300x105.jpg\" alt=\"22_LoRo-Beneficiaire15-RVB\" width=\"150\" height=\"52\" srcset=\"https:\/\/julienrenevier.ch\/wp-content\/uploads\/2016\/05\/22_loro-beneficiaire15_rvb-300x105.jpg 300w, https:\/\/julienrenevier.ch\/wp-content\/uploads\/2016\/05\/22_loro-beneficiaire15_rvb-768x268.jpg 768w, https:\/\/julienrenevier.ch\/wp-content\/uploads\/2016\/05\/22_loro-beneficiaire15_rvb.jpg 780w\" sizes=\"auto, (max-width: 150px) 100vw, 150px\" \/><\/span><\/p>\n<p><span style=\"font-family: Arial,sans-serif;\">\u00a0<\/span><\/p>\n","protected":false},"excerpt":{"rendered":"<p>Julien Renevier, paysagiste, portraitiste et aquarelliste de talent, a travers\u00e9 son \u00e9poque palette \u00e0 la main. Peintre curieux, il a sillonn\u00e9 la Suisse, l&rsquo;Italie, la France et l&rsquo;Allemagne, croquant en chemin paysages et sc\u00e8nes de la vie quotidienne. Lou\u00e9 par le public comme par la critique, il a expos\u00e9 au c\u00f4t\u00e9 de peintres illustres lors&hellip; <a class=\"more-link\" href=\"https:\/\/julienrenevier.ch\/\">Continue reading <span class=\"screen-reader-text\">Julien Renevier (1847-1907)<\/span> <span class=\"meta-nav\" aria-hidden=\"true\">&rarr;<\/span><\/a><\/p>\n","protected":false},"author":1,"featured_media":0,"parent":0,"menu_order":0,"comment_status":"closed","ping_status":"closed","template":"right-column-page.php","meta":{"footnotes":""},"class_list":["post-6","page","type-page","status-publish","hentry"],"_links":{"self":[{"href":"https:\/\/julienrenevier.ch\/index.php?rest_route=\/wp\/v2\/pages\/6","targetHints":{"allow":["GET"]}}],"collection":[{"href":"https:\/\/julienrenevier.ch\/index.php?rest_route=\/wp\/v2\/pages"}],"about":[{"href":"https:\/\/julienrenevier.ch\/index.php?rest_route=\/wp\/v2\/types\/page"}],"author":[{"embeddable":true,"href":"https:\/\/julienrenevier.ch\/index.php?rest_route=\/wp\/v2\/users\/1"}],"replies":[{"embeddable":true,"href":"https:\/\/julienrenevier.ch\/index.php?rest_route=%2Fwp%2Fv2%2Fcomments&post=6"}],"version-history":[{"count":72,"href":"https:\/\/julienrenevier.ch\/index.php?rest_route=\/wp\/v2\/pages\/6\/revisions"}],"predecessor-version":[{"id":591,"href":"https:\/\/julienrenevier.ch\/index.php?rest_route=\/wp\/v2\/pages\/6\/revisions\/591"}],"wp:attachment":[{"href":"https:\/\/julienrenevier.ch\/index.php?rest_route=%2Fwp%2Fv2%2Fmedia&parent=6"}],"curies":[{"name":"wp","href":"https:\/\/api.w.org\/{rel}","templated":true}]}}