{"id":9,"date":"2016-05-10T22:08:19","date_gmt":"2016-05-10T20:08:19","guid":{"rendered":"https:\/\/1h9hxamstz.preview.infomaniak.website\/?page_id=9"},"modified":"2018-03-19T14:02:17","modified_gmt":"2018-03-19T13:02:17","slug":"sa-vie","status":"publish","type":"page","link":"https:\/\/julienrenevier.ch\/?page_id=9","title":{"rendered":"Sa vie"},"content":{"rendered":"<p class=\"western\" lang=\"fr-CH\" align=\"justify\"><img loading=\"lazy\" decoding=\"async\" class=\"alignnone size-medium wp-image-124\" src=\"https:\/\/1h9hxamstz.preview.infomaniak.website\/wp-content\/uploads\/2016\/05\/IMG_5_WEB-190x300.jpg\" alt=\"IMG_5_WEB\" width=\"190\" height=\"300\" srcset=\"https:\/\/julienrenevier.ch\/wp-content\/uploads\/2016\/05\/IMG_5_WEB-190x300.jpg 190w, https:\/\/julienrenevier.ch\/wp-content\/uploads\/2016\/05\/IMG_5_WEB.jpg 364w\" sizes=\"auto, (max-width: 190px) 100vw, 190px\" \/><span style=\"font-size: 10pt;\"><em><br \/>\nJulien Renevier assis \u00e0 son chevalet de peintre<\/em>, ancienne photo, collection priv\u00e9e, travaill\u00e9e par HPM<\/span><\/p>\n<p class=\"western\" lang=\"fr-CH\" align=\"justify\"><span style=\"font-family: Arial,sans-serif;\"><strong>1847<br \/>\n<\/strong>Le 19 mai, naissance de Julien Renevier \u00e0 Lausanne. Second fils de Charlotte Renevier-Secr\u00e9tan, fille de Charles Secr\u00e9tan, le professeur de droit civil et de Charles Renevier, avocat reconnu, Julien Renevier passe une enfance heureuse \u00e0 l&rsquo;abri du besoin. Il manifeste un talent pr\u00e9coce pour le dessin, passion qu&rsquo;il partage avec sa s\u0153ur cadette Emma. Julien Renevier a \u00e9galement un fr\u00e8re a\u00een\u00e9, Alfred, et un demi fr\u00e8re, Eug\u00e8ne Renevier, g\u00e9ologue et pal\u00e9ontologue de renom.<\/span><\/p>\n<p class=\"western\" lang=\"fr-CH\" align=\"justify\"><strong><span style=\"font-family: Arial,sans-serif;\">1864-1869<br \/>\n<\/span><\/strong><span style=\"font-family: Arial,sans-serif;\">Julien Renevier \u00e9tudie la th\u00e9ologie \u00e0 l&rsquo;Acad\u00e9mie de Lausanne (future universit\u00e9). \u00c9tudiant brillant, il re\u00e7oit en 1869 un prix pour la qualit\u00e9 de ses examens. Il a alors 22 ans et d\u00e9cide de poursuivre sa formation th\u00e9ologique \u00e0 Berlin.<\/span><\/p>\n<p class=\"western\" lang=\"fr-CH\" align=\"justify\"><strong><span style=\"font-family: Arial,sans-serif;\">1870-1872<br \/>\n<\/span><\/strong><span style=\"font-family: Arial,sans-serif;\">Julien Renevier interrompt ses \u00e9tudes \u00e0 l&rsquo;Acad\u00e9mie de Berlin pour se consacrer pleinement \u00e0 la peinture. Il entre dans l&rsquo;atelier de Carl Steffeck, peintre animalier reconnu.<\/span><\/p>\n<p class=\"western\" lang=\"fr-CH\" align=\"justify\"><span style=\"font-family: Arial,sans-serif;\"><strong>1872-1876<\/strong><\/span><\/p>\n<p class=\"western\" lang=\"fr-CH\" align=\"justify\"><span style=\"font-family: Arial,sans-serif;\"> Le jeune homme parfait sa formation \u00e0 Munich o\u00f9 il suit, durant quatre ans, les classes de Carl Theodor von Piloty. Ce dernier, nomm\u00e9 directeur de l&rsquo;Acad\u00e9mie de Munich en 1874, est au fa\u00eete de sa gloire. A son contact, Renevier d\u00e9veloppe un go\u00fbt pour la peinture d&rsquo;histoire et le genre du portrait. Il s\u2019impr\u00e8gne du style r\u00e9aliste propre \u00e0 l\u2019\u00c9cole de Munich. <\/span><\/p>\n<p class=\"western\" lang=\"fr-CH\" align=\"justify\"><span style=\"font-family: Arial,sans-serif;\">En 1875, Julien Renevier conna\u00eet un premier succ\u00e8s d&rsquo;estime\u00a0: une de ses toiles, une \u00e9tude de personnage en costume, est s\u00e9lectionn\u00e9e pour l&rsquo;Exposition suisse des Beaux-arts (Turnus) de Saint-Gall.<\/span><\/p>\n<p class=\"western\" lang=\"fr-CH\" align=\"justify\">\u00a0<img loading=\"lazy\" decoding=\"async\" class=\"alignnone size-medium wp-image-236\" src=\"https:\/\/1h9hxamstz.preview.infomaniak.website\/wp-content\/uploads\/2016\/05\/IMG_8bis_WEB-136x300.jpg\" alt=\"\" width=\"136\" height=\"300\" srcset=\"https:\/\/julienrenevier.ch\/wp-content\/uploads\/2016\/05\/IMG_8bis_WEB-136x300.jpg 136w, https:\/\/julienrenevier.ch\/wp-content\/uploads\/2016\/05\/IMG_8bis_WEB.jpg 168w\" sizes=\"auto, (max-width: 136px) 100vw, 136px\" \/><span style=\"font-size: 10pt;\"><em><br \/>\nJulien Renevier, d\u00e9guis\u00e9 en page Riccio lors d\u2019une pi\u00e8ce de th\u00e9\u00e2tre \u00e0 Munich<\/em>, ancienne photo, collection priv\u00e9e, travaill\u00e9e par HPM<\/span><\/p>\n<p class=\"western\" lang=\"fr-CH\" align=\"justify\"><span style=\"font-family: Arial,sans-serif;\"><strong>1877<\/strong><br \/>\nPar l&rsquo;entremise du m\u00e9c\u00e8ne Th\u00e9odor Beck, deux toiles de Renevier, \u00ab\u00a0Femme \u00e0 la fraise\u00a0\u00bb et \u00ab\u00a0Dante au couvent composant la Divine com\u00e9die\u00a0\u00bb, entrent dans les collections du Kunstmuseum de Saint-Gall. La m\u00eame ann\u00e9e, le peintre participe \u00e0 la Kunsthalle de B\u00e2le. Il y pr\u00e9sente une nature morte \u00e0 la mandoline et aux roses dont un critique de la <\/span><span style=\"font-family: Arial,sans-serif;\"><i>Gazette de Lausanne<\/i><\/span><span style=\"font-family: Arial,sans-serif;\"> \u00e9crit qu&rsquo; \u00ab\u00a0elles sont si fra\u00eeches qu&rsquo;on en voudrait aspirer le parfum et si naturelles qu&rsquo;on est tent\u00e9 de les prendre de la main\u00bb.<\/span><\/p>\n<p class=\"western\" lang=\"fr-CH\" align=\"justify\"><span style=\"font-family: Arial,sans-serif;\"><strong>1878-1889<\/strong><br \/>\nRenevier quitte Munich en 1878 et part pour l&rsquo;Italie. Il a 31 ans. Apr\u00e8s avoir visit\u00e9 Venise, il s&rsquo;installe \u00e0 Rome dans un atelier de la via dei Pontefici, proche de la Place d&rsquo;Espagne. Il y reste onze ans, ann\u00e9es ponctu\u00e9es de voyages en Europe et de s\u00e9jours en Suisse. Au c\u0153ur de la vie artistique romaine, Renevier c\u00f4toie de nombreux peintres dont ses compatriotes \u00c9mile David et Fran\u00e7ois Bocion. Exalt\u00e9 par la lumi\u00e8re intense et les coloris des paysages, il sillonne l&rsquo;Italie et d\u00e9peint la campagne, les sites touristiques comme les recoins d\u00e9serts. Tr\u00e8s attach\u00e9 \u00e0 l&rsquo;Italie, Renevier n&rsquo;oublie pas pour autant son pays natal et envoie presque chaque ann\u00e9e des toiles \u00e0 l&rsquo;Exposition suisse des Beaux-arts (Turnus). Il participe \u00e9galement aux Salons de Paris en 1883 et 1884 ainsi qu&rsquo;\u00e0 l&rsquo;Exposition universelle de 1889 o\u00f9 son \u00ab\u00a0Saint-Fran\u00e7ois d&rsquo;Assise pr\u00eachant aux oiseaux\u00a0\u00bb re\u00e7oit une m\u00e9daille honorable.<\/span><\/p>\n<p class=\"western\" lang=\"fr-CH\" align=\"justify\"><span style=\"font-size: 10pt;\"><em><img loading=\"lazy\" decoding=\"async\" class=\"alignnone wp-image-237 size-medium\" src=\"https:\/\/1h9hxamstz.preview.infomaniak.website\/wp-content\/uploads\/2016\/05\/IMG_7_WEB-1-222x300.jpg\" alt=\"\" width=\"222\" height=\"300\" srcset=\"https:\/\/julienrenevier.ch\/wp-content\/uploads\/2016\/05\/IMG_7_WEB-1-222x300.jpg 222w, https:\/\/julienrenevier.ch\/wp-content\/uploads\/2016\/05\/IMG_7_WEB-1.jpg 427w\" sizes=\"auto, (max-width: 222px) 100vw, 222px\" \/><br \/>\nLe p\u00e8re T\u00e9obald, debout avec le P\u00e8re Ambroice, Assise,<\/em> 1882, ancienne photo, collection priv\u00e9e, travaill\u00e9e par HPM<\/span><\/p>\n<p class=\"western\" lang=\"fr-CH\" align=\"justify\"><span style=\"font-family: Arial,sans-serif;\"><strong>1889<\/strong><br \/>\nLe peintre renonce \u00e0 son atelier romain et s&rsquo;installe \u00e0 Lausanne pour prendre soin de sa m\u00e8re malade. <\/span><\/p>\n<p class=\"western\" lang=\"fr-CH\" align=\"justify\"><span style=\"font-size: 10pt;\"><em><img loading=\"lazy\" decoding=\"async\" class=\"alignnone size-medium wp-image-270\" src=\"https:\/\/1h9hxamstz.preview.infomaniak.website\/wp-content\/uploads\/2016\/05\/Julien-Renevier-dans-son-atelier-300x204.jpg\" alt=\"\" width=\"300\" height=\"204\" srcset=\"https:\/\/julienrenevier.ch\/wp-content\/uploads\/2016\/05\/Julien-Renevier-dans-son-atelier-300x204.jpg 300w, https:\/\/julienrenevier.ch\/wp-content\/uploads\/2016\/05\/Julien-Renevier-dans-son-atelier.jpg 768w\" sizes=\"auto, (max-width: 300px) 100vw, 300px\" \/><br \/>\nJulien Renevier dans son atelier de Lausanne<\/em>, Ancienne photo, collection priv\u00e9e, travaill\u00e9e par HPM<\/span><\/p>\n<p class=\"western\" lang=\"fr-CH\" align=\"justify\"><span style=\"font-family: Arial,sans-serif;\"><strong>1890-1898<\/strong><br \/>\nDans son atelier de la rue du Grand-Ch\u00eane 12, Renevier r\u00e9alise de nombreux portraits commandit\u00e9s par la bourgeoisie vaudoise et par les personnalit\u00e9s publiques et politiques de la ville. S&rsquo;il continue \u00e0 peindre des toiles \u00e0 l&rsquo;huile dont plusieurs sont acquises par des mus\u00e9es, Renevier d\u00e9veloppe, dans les ann\u00e9es 1890, une pr\u00e9dilection pour les dessins \u00e0 l&rsquo;aquarelle et au pastel. <\/span><\/p>\n<p class=\"western\" lang=\"fr-CH\" align=\"justify\"><span style=\"font-family: Arial,sans-serif;\">A Lausanne, il s&rsquo;implique \u00e9galement dans la vie culturelle et artistique locale. Membre de la Soci\u00e9t\u00e9 vaudoise des beaux-arts il participe, en 1891 et 1893, aux premi\u00e8res Expositions vaudoises des Beaux-Arts et fait partie, en 1894, de la commission de restauration des vitraux de la rose de la cath\u00e9drale de Lausanne. <\/span><\/p>\n<p class=\"western\" lang=\"fr-CH\" align=\"justify\"><span style=\"font-family: Arial,sans-serif;\"><strong>1898<\/strong><br \/>\nD\u00e9c\u00e8s de Charlotte Renevier, m\u00e8re du peintre, \u00e0 qui il vouait une grande affection. Julien Renevier ferme temporairement son atelier lausannois et part sur les routes, en Italie et en Suisse.<\/span><\/p>\n<p class=\"western\" lang=\"fr-CH\" align=\"justify\"><span style=\"font-family: Arial,sans-serif;\"><strong>1900-1907<\/strong><br \/>\nJulien Renevier ach\u00e8te une propri\u00e9t\u00e9 \u00e0 Villard-sous-Blonay o\u00f9 il passe la fin de sa vie. Du 1<\/span><sup><span style=\"font-family: Arial,sans-serif;\">er<\/span><\/sup><span style=\"font-family: Arial,sans-serif;\"> au 15 mai 1900, il organise sa premi\u00e8re exposition personnelle dans son atelier du Grand-Ch\u00eane. La m\u00eame ann\u00e9e, il obtient une mention \u00e0 l&rsquo;Exposition universelle de Paris o\u00f9 il expose aux c\u00f4t\u00e9s de ses compatriotes Albert Anker, Eug\u00e8ne Burnand et Fran\u00e7ois Bocion. En 1901, le Mus\u00e9e de Lausanne ach\u00e8te trois aquarelles de Renevier. Jusqu&rsquo;\u00e0 sa mort, l&rsquo;artiste continue de voir son travail reconnu et admir\u00e9, notamment lors de l&rsquo;Exposition nationale des Beaux-Arts qui a lieu \u00e0 Lausanne en 1904. Il continue \u00e9galement de voyager r\u00e9guli\u00e8rement, en Italie, en France et en Allemagne notamment.<\/span><\/p>\n<p class=\"western\" lang=\"fr-CH\" align=\"justify\"><span style=\"font-size: 10pt;\"><em><img loading=\"lazy\" decoding=\"async\" class=\"alignnone size-medium wp-image-239\" src=\"https:\/\/1h9hxamstz.preview.infomaniak.website\/wp-content\/uploads\/2016\/05\/IMG_9_WEB-1-185x300.jpg\" alt=\"\" width=\"185\" height=\"300\" srcset=\"https:\/\/julienrenevier.ch\/wp-content\/uploads\/2016\/05\/IMG_9_WEB-1-185x300.jpg 185w, https:\/\/julienrenevier.ch\/wp-content\/uploads\/2016\/05\/IMG_9_WEB-1.jpg 356w\" sizes=\"auto, (max-width: 185px) 100vw, 185px\" \/><br \/>\nPortrait de Julien Renevier<\/em>, ancienne photo, collection priv\u00e9e, travaill\u00e9e par HPM<\/span><\/p>\n<p class=\"western\" lang=\"fr-CH\" align=\"justify\"><span style=\"font-family: Arial,sans-serif;\"><strong>1907<\/strong><br \/>\nLe 8 janvier, d\u00e9c\u00e8s de Julien Renevier des suites d&rsquo;une pneumonie. Il a 59 ans. Une exposition r\u00e9trospective de son \u0153uvre est organis\u00e9e en juin de la m\u00eame ann\u00e9e \u00e0 la Grenette, \u00e0 Lausanne. Renevier laisse une riche production derri\u00e8re lui. <\/span><\/p>\n","protected":false},"excerpt":{"rendered":"<p>Julien Renevier assis \u00e0 son chevalet de peintre, ancienne photo, collection priv\u00e9e, travaill\u00e9e par HPM 1847 Le 19 mai, naissance de Julien Renevier \u00e0 Lausanne. Second fils de Charlotte Renevier-Secr\u00e9tan, fille de Charles Secr\u00e9tan, le professeur de droit civil et de Charles Renevier, avocat reconnu, Julien Renevier passe une enfance heureuse \u00e0 l&rsquo;abri du besoin.&hellip; <a class=\"more-link\" href=\"https:\/\/julienrenevier.ch\/?page_id=9\">Continue reading <span class=\"screen-reader-text\">Sa vie<\/span> <span class=\"meta-nav\" aria-hidden=\"true\">&rarr;<\/span><\/a><\/p>\n","protected":false},"author":1,"featured_media":0,"parent":0,"menu_order":0,"comment_status":"closed","ping_status":"closed","template":"right-column-page.php","meta":{"footnotes":""},"class_list":["post-9","page","type-page","status-publish","hentry"],"_links":{"self":[{"href":"https:\/\/julienrenevier.ch\/index.php?rest_route=\/wp\/v2\/pages\/9","targetHints":{"allow":["GET"]}}],"collection":[{"href":"https:\/\/julienrenevier.ch\/index.php?rest_route=\/wp\/v2\/pages"}],"about":[{"href":"https:\/\/julienrenevier.ch\/index.php?rest_route=\/wp\/v2\/types\/page"}],"author":[{"embeddable":true,"href":"https:\/\/julienrenevier.ch\/index.php?rest_route=\/wp\/v2\/users\/1"}],"replies":[{"embeddable":true,"href":"https:\/\/julienrenevier.ch\/index.php?rest_route=%2Fwp%2Fv2%2Fcomments&post=9"}],"version-history":[{"count":17,"href":"https:\/\/julienrenevier.ch\/index.php?rest_route=\/wp\/v2\/pages\/9\/revisions"}],"predecessor-version":[{"id":271,"href":"https:\/\/julienrenevier.ch\/index.php?rest_route=\/wp\/v2\/pages\/9\/revisions\/271"}],"wp:attachment":[{"href":"https:\/\/julienrenevier.ch\/index.php?rest_route=%2Fwp%2Fv2%2Fmedia&parent=9"}],"curies":[{"name":"wp","href":"https:\/\/api.w.org\/{rel}","templated":true}]}}